{"id":7,"date":"2025-09-16T05:55:21","date_gmt":"2025-09-16T02:55:21","guid":{"rendered":"https:\/\/companiademaria.edu.ar\/?page_id=7"},"modified":"2025-09-16T07:32:06","modified_gmt":"2025-09-16T04:32:06","slug":"elementor-7","status":"publish","type":"page","link":"https:\/\/companiademaria.edu.ar\/","title":{"rendered":"Elementor #7"},"content":{"rendered":"\t\t<div data-elementor-type=\"wp-post\" data-elementor-id=\"7\" class=\"elementor elementor-7\" data-elementor-post-type=\"page\">\n\t\t\t\t<div class=\"elementor-element elementor-element-233ba5b e-flex e-con-boxed e-con e-parent\" data-id=\"233ba5b\" data-element_type=\"container\" data-settings=\"{&quot;background_background&quot;:&quot;classic&quot;}\">\n\t\t\t\t\t<div class=\"e-con-inner\">\n\t\t<div class=\"elementor-element elementor-element-1d91322 e-con-full e-flex e-con e-child\" data-id=\"1d91322\" data-element_type=\"container\">\n\t\t\t\t<\/div>\n\t\t<div class=\"elementor-element elementor-element-ff2ae98 e-con-full e-flex e-con e-child\" data-id=\"ff2ae98\" data-element_type=\"container\">\n\t\t\t\t<div class=\"elementor-element elementor-element-0368f6e elementor-widget elementor-widget-image\" data-id=\"0368f6e\" data-element_type=\"widget\" data-widget_type=\"image.default\">\n\t\t\t\t\t\t\t\t\t\t\t\t\t\t\t<img fetchpriority=\"high\" decoding=\"async\" width=\"1667\" height=\"1668\" src=\"https:\/\/companiademaria.edu.ar\/wp-content\/uploads\/2025\/09\/JuanaLestonnacFinals_Mesa-de-trabajo-1-copia-16-1.png\" class=\"attachment-full size-full wp-image-10\" alt=\"\" srcset=\"https:\/\/companiademaria.edu.ar\/wp-content\/uploads\/2025\/09\/JuanaLestonnacFinals_Mesa-de-trabajo-1-copia-16-1.png 1667w, https:\/\/companiademaria.edu.ar\/wp-content\/uploads\/2025\/09\/JuanaLestonnacFinals_Mesa-de-trabajo-1-copia-16-1-300x300.png 300w, https:\/\/companiademaria.edu.ar\/wp-content\/uploads\/2025\/09\/JuanaLestonnacFinals_Mesa-de-trabajo-1-copia-16-1-1024x1024.png 1024w, https:\/\/companiademaria.edu.ar\/wp-content\/uploads\/2025\/09\/JuanaLestonnacFinals_Mesa-de-trabajo-1-copia-16-1-150x150.png 150w, https:\/\/companiademaria.edu.ar\/wp-content\/uploads\/2025\/09\/JuanaLestonnacFinals_Mesa-de-trabajo-1-copia-16-1-768x768.png 768w, https:\/\/companiademaria.edu.ar\/wp-content\/uploads\/2025\/09\/JuanaLestonnacFinals_Mesa-de-trabajo-1-copia-16-1-1536x1536.png 1536w\" sizes=\"(max-width: 1667px) 100vw, 1667px\" \/>\t\t\t\t\t\t\t\t\t\t\t\t\t\t\t<\/div>\n\t\t<div class=\"elementor-element elementor-element-40e2531 e-con-full e-flex e-con e-child\" data-id=\"40e2531\" data-element_type=\"container\">\n\t\t\t\t<div class=\"elementor-element elementor-element-3ac1e88 elementor-widget elementor-widget-text-editor\" data-id=\"3ac1e88\" data-element_type=\"widget\" data-widget_type=\"text-editor.default\">\n\t\t\t\t\t\t\t\t\t<p><strong>Somos una comunidad educativa que forma parte de una red Internacional de Centro Escolares Compa\u00f1\u00eda de Mar\u00eda, con presencia en el Cono Sur y en el mundo.<\/strong><\/p><p><strong>Desde sus or\u00edgenes, en 1607 en Burdeos, Francia, la Orden de la Compa\u00f1\u00eda de Mar\u00eda ofrece una educaci\u00f3n basada en valores humanistas y cristianos. En Argentina estamos presentes desde 1780.<\/strong><\/p>\t\t\t\t\t\t\t\t<\/div>\n\t\t\t\t<\/div>\n\t\t\t\t<\/div>\n\t\t<div class=\"elementor-element elementor-element-7c20ef3 e-con-full e-flex e-con e-child\" data-id=\"7c20ef3\" data-element_type=\"container\">\n\t\t\t\t<\/div>\n\t\t\t\t\t<\/div>\n\t\t\t\t<\/div>\n\t\t<div class=\"elementor-element elementor-element-07200fd e-flex e-con-boxed e-con e-parent\" data-id=\"07200fd\" data-element_type=\"container\">\n\t\t\t\t\t<div class=\"e-con-inner\">\n\t\t\t\t<div class=\"elementor-element elementor-element-a9b6a05 elementor-headline--style-highlight elementor-widget elementor-widget-animated-headline\" data-id=\"a9b6a05\" data-element_type=\"widget\" data-settings=\"{&quot;marker&quot;:&quot;underline&quot;,&quot;highlighted_text&quot;:&quot;obras educativas&quot;,&quot;headline_style&quot;:&quot;highlight&quot;,&quot;loop&quot;:&quot;yes&quot;,&quot;highlight_animation_duration&quot;:1200,&quot;highlight_iteration_delay&quot;:8000}\" data-widget_type=\"animated-headline.default\">\n\t\t\t\t\t\t\t<h3 class=\"elementor-headline\">\n\t\t\t\t\t<span class=\"elementor-headline-plain-text elementor-headline-text-wrapper\">Nuestras<\/span>\n\t\t\t\t<span class=\"elementor-headline-dynamic-wrapper elementor-headline-text-wrapper\">\n\t\t\t\t\t<span class=\"elementor-headline-dynamic-text elementor-headline-text-active\">obras educativas<\/span>\n\t\t\t\t<\/span>\n\t\t\t\t\t<span class=\"elementor-headline-plain-text elementor-headline-text-wrapper\">en Argentina<\/span>\n\t\t\t\t\t<\/h3>\n\t\t\t\t\t\t<\/div>\n\t\t\t\t\t<\/div>\n\t\t\t\t<\/div>\n\t\t<div class=\"elementor-element elementor-element-ba86e3c e-flex e-con-boxed e-con e-parent\" data-id=\"ba86e3c\" data-element_type=\"container\">\n\t\t\t\t\t<div class=\"e-con-inner\">\n\t\t<div class=\"elementor-element elementor-element-4d1184b e-con-full e-flex e-con e-child\" data-id=\"4d1184b\" data-element_type=\"container\">\n\t\t\t\t<div class=\"elementor-element elementor-element-51a3f47 elementor-widget elementor-widget-image\" data-id=\"51a3f47\" data-element_type=\"widget\" data-widget_type=\"image.default\">\n\t\t\t\t\t\t\t\t\t\t\t\t\t\t\t<img decoding=\"async\" width=\"1422\" height=\"2382\" src=\"https:\/\/companiademaria.edu.ar\/wp-content\/uploads\/2025\/09\/Mendoza@4x.png\" class=\"attachment-full size-full wp-image-17\" alt=\"\" srcset=\"https:\/\/companiademaria.edu.ar\/wp-content\/uploads\/2025\/09\/Mendoza@4x.png 1422w, https:\/\/companiademaria.edu.ar\/wp-content\/uploads\/2025\/09\/Mendoza@4x-179x300.png 179w, https:\/\/companiademaria.edu.ar\/wp-content\/uploads\/2025\/09\/Mendoza@4x-611x1024.png 611w, https:\/\/companiademaria.edu.ar\/wp-content\/uploads\/2025\/09\/Mendoza@4x-768x1286.png 768w, https:\/\/companiademaria.edu.ar\/wp-content\/uploads\/2025\/09\/Mendoza@4x-917x1536.png 917w, https:\/\/companiademaria.edu.ar\/wp-content\/uploads\/2025\/09\/Mendoza@4x-1223x2048.png 1223w\" sizes=\"(max-width: 1422px) 100vw, 1422px\" \/>\t\t\t\t\t\t\t\t\t\t\t\t\t\t\t<\/div>\n\t\t\t\t<div class=\"elementor-element elementor-element-9a844b0 elementor-widget elementor-widget-heading\" data-id=\"9a844b0\" data-element_type=\"widget\" data-widget_type=\"heading.default\">\n\t\t\t\t\t<h2 class=\"elementor-heading-title elementor-size-default\">Mendoza<\/h2>\t\t\t\t<\/div>\n\t\t\t\t<div class=\"elementor-element elementor-element-51e4839 elementor-widget elementor-widget-text-editor\" data-id=\"51e4839\" data-element_type=\"widget\" data-widget_type=\"text-editor.default\">\n\t\t\t\t\t\t\t\t\t<p>Provincia de Mendoza<\/p>\t\t\t\t\t\t\t\t<\/div>\n\t\t\t\t<div class=\"elementor-element elementor-element-34a527f elementor-align-center elementor-widget elementor-widget-button\" data-id=\"34a527f\" data-element_type=\"widget\" data-widget_type=\"button.default\">\n\t\t\t\t\t\t\t\t\t\t<a class=\"elementor-button elementor-button-link elementor-size-sm\" href=\"http:\/\/mendoza.companiademaria.edu.ar\">\n\t\t\t\t\t\t<span class=\"elementor-button-content-wrapper\">\n\t\t\t\t\t\t\t\t\t<span class=\"elementor-button-text\">Visitar la P\u00e1gina Web<\/span>\n\t\t\t\t\t<\/span>\n\t\t\t\t\t<\/a>\n\t\t\t\t\t\t\t\t<\/div>\n\t\t\t\t<\/div>\n\t\t<div class=\"elementor-element elementor-element-3f875d9 e-con-full e-flex e-con e-child\" data-id=\"3f875d9\" data-element_type=\"container\">\n\t\t\t\t<div class=\"elementor-element elementor-element-44bfea6 elementor-widget elementor-widget-image\" data-id=\"44bfea6\" data-element_type=\"widget\" data-widget_type=\"image.default\">\n\t\t\t\t\t\t\t\t\t\t\t\t\t\t\t<img decoding=\"async\" width=\"1423\" height=\"2382\" src=\"https:\/\/companiademaria.edu.ar\/wp-content\/uploads\/2025\/09\/Godoy-Cruz@4x.png\" class=\"attachment-full size-full wp-image-18\" alt=\"\" srcset=\"https:\/\/companiademaria.edu.ar\/wp-content\/uploads\/2025\/09\/Godoy-Cruz@4x.png 1423w, https:\/\/companiademaria.edu.ar\/wp-content\/uploads\/2025\/09\/Godoy-Cruz@4x-179x300.png 179w, https:\/\/companiademaria.edu.ar\/wp-content\/uploads\/2025\/09\/Godoy-Cruz@4x-612x1024.png 612w, https:\/\/companiademaria.edu.ar\/wp-content\/uploads\/2025\/09\/Godoy-Cruz@4x-768x1286.png 768w, https:\/\/companiademaria.edu.ar\/wp-content\/uploads\/2025\/09\/Godoy-Cruz@4x-918x1536.png 918w, https:\/\/companiademaria.edu.ar\/wp-content\/uploads\/2025\/09\/Godoy-Cruz@4x-1223x2048.png 1223w\" sizes=\"(max-width: 1423px) 100vw, 1423px\" \/>\t\t\t\t\t\t\t\t\t\t\t\t\t\t\t<\/div>\n\t\t\t\t<div class=\"elementor-element elementor-element-f4ed0d3 elementor-widget elementor-widget-heading\" data-id=\"f4ed0d3\" data-element_type=\"widget\" data-widget_type=\"heading.default\">\n\t\t\t\t\t<h2 class=\"elementor-heading-title elementor-size-default\">Godoy Cruz<\/h2>\t\t\t\t<\/div>\n\t\t\t\t<div class=\"elementor-element elementor-element-444994e elementor-widget elementor-widget-text-editor\" data-id=\"444994e\" data-element_type=\"widget\" data-widget_type=\"text-editor.default\">\n\t\t\t\t\t\t\t\t\t<p>Provincia de Mendoza<\/p>\t\t\t\t\t\t\t\t<\/div>\n\t\t\t\t<div class=\"elementor-element elementor-element-4e77b6f elementor-align-center elementor-widget elementor-widget-button\" data-id=\"4e77b6f\" data-element_type=\"widget\" data-widget_type=\"button.default\">\n\t\t\t\t\t\t\t\t\t\t<a class=\"elementor-button elementor-button-link elementor-size-sm\" href=\"http:\/\/godoycruz.companiademaria.edu.ar\">\n\t\t\t\t\t\t<span class=\"elementor-button-content-wrapper\">\n\t\t\t\t\t\t\t\t\t<span class=\"elementor-button-text\">Visitar la P\u00e1gina Web<\/span>\n\t\t\t\t\t<\/span>\n\t\t\t\t\t<\/a>\n\t\t\t\t\t\t\t\t<\/div>\n\t\t\t\t<\/div>\n\t\t<div class=\"elementor-element elementor-element-79a8641 e-con-full e-flex e-con e-child\" data-id=\"79a8641\" data-element_type=\"container\">\n\t\t\t\t<div class=\"elementor-element elementor-element-e4e59f7 elementor-widget elementor-widget-image\" data-id=\"e4e59f7\" data-element_type=\"widget\" data-widget_type=\"image.default\">\n\t\t\t\t\t\t\t\t\t\t\t\t\t\t\t<img loading=\"lazy\" decoding=\"async\" width=\"1423\" height=\"2382\" src=\"https:\/\/companiademaria.edu.ar\/wp-content\/uploads\/2025\/09\/Caba@4x.png\" class=\"attachment-full size-full wp-image-19\" alt=\"\" srcset=\"https:\/\/companiademaria.edu.ar\/wp-content\/uploads\/2025\/09\/Caba@4x.png 1423w, https:\/\/companiademaria.edu.ar\/wp-content\/uploads\/2025\/09\/Caba@4x-179x300.png 179w, https:\/\/companiademaria.edu.ar\/wp-content\/uploads\/2025\/09\/Caba@4x-612x1024.png 612w, https:\/\/companiademaria.edu.ar\/wp-content\/uploads\/2025\/09\/Caba@4x-768x1286.png 768w, https:\/\/companiademaria.edu.ar\/wp-content\/uploads\/2025\/09\/Caba@4x-918x1536.png 918w, https:\/\/companiademaria.edu.ar\/wp-content\/uploads\/2025\/09\/Caba@4x-1223x2048.png 1223w\" sizes=\"(max-width: 1423px) 100vw, 1423px\" \/>\t\t\t\t\t\t\t\t\t\t\t\t\t\t\t<\/div>\n\t\t\t\t<div class=\"elementor-element elementor-element-2307066 elementor-widget elementor-widget-heading\" data-id=\"2307066\" data-element_type=\"widget\" data-widget_type=\"heading.default\">\n\t\t\t\t\t<h2 class=\"elementor-heading-title elementor-size-default\">Buenos Aires<\/h2>\t\t\t\t<\/div>\n\t\t\t\t<div class=\"elementor-element elementor-element-a9dbdae elementor-widget elementor-widget-text-editor\" data-id=\"a9dbdae\" data-element_type=\"widget\" data-widget_type=\"text-editor.default\">\n\t\t\t\t\t\t\t\t\t<p>Ciudad Aut\u00f3noma de Buenos Aires<\/p>\t\t\t\t\t\t\t\t<\/div>\n\t\t\t\t<div class=\"elementor-element elementor-element-7a46c4b elementor-align-center elementor-widget elementor-widget-button\" data-id=\"7a46c4b\" data-element_type=\"widget\" data-widget_type=\"button.default\">\n\t\t\t\t\t\t\t\t\t\t<a class=\"elementor-button elementor-button-link elementor-size-sm\" href=\"http:\/\/companiademariacespedes.edu.ar\">\n\t\t\t\t\t\t<span class=\"elementor-button-content-wrapper\">\n\t\t\t\t\t\t\t\t\t<span class=\"elementor-button-text\">Visitar la P\u00e1gina Web<\/span>\n\t\t\t\t\t<\/span>\n\t\t\t\t\t<\/a>\n\t\t\t\t\t\t\t\t<\/div>\n\t\t\t\t<\/div>\n\t\t<div class=\"elementor-element elementor-element-141130a e-con-full e-flex e-con e-child\" data-id=\"141130a\" data-element_type=\"container\">\n\t\t\t\t<div class=\"elementor-element elementor-element-f849421 elementor-widget elementor-widget-image\" data-id=\"f849421\" data-element_type=\"widget\" data-widget_type=\"image.default\">\n\t\t\t\t\t\t\t\t\t\t\t\t\t\t\t<img loading=\"lazy\" decoding=\"async\" width=\"1422\" height=\"2382\" src=\"https:\/\/companiademaria.edu.ar\/wp-content\/uploads\/2025\/09\/Tupungato@4x.png\" class=\"attachment-full size-full wp-image-20\" alt=\"\" srcset=\"https:\/\/companiademaria.edu.ar\/wp-content\/uploads\/2025\/09\/Tupungato@4x.png 1422w, https:\/\/companiademaria.edu.ar\/wp-content\/uploads\/2025\/09\/Tupungato@4x-179x300.png 179w, https:\/\/companiademaria.edu.ar\/wp-content\/uploads\/2025\/09\/Tupungato@4x-611x1024.png 611w, https:\/\/companiademaria.edu.ar\/wp-content\/uploads\/2025\/09\/Tupungato@4x-768x1286.png 768w, https:\/\/companiademaria.edu.ar\/wp-content\/uploads\/2025\/09\/Tupungato@4x-917x1536.png 917w, https:\/\/companiademaria.edu.ar\/wp-content\/uploads\/2025\/09\/Tupungato@4x-1223x2048.png 1223w\" sizes=\"(max-width: 1422px) 100vw, 1422px\" \/>\t\t\t\t\t\t\t\t\t\t\t\t\t\t\t<\/div>\n\t\t\t\t<div class=\"elementor-element elementor-element-ed05ce0 elementor-widget elementor-widget-heading\" data-id=\"ed05ce0\" data-element_type=\"widget\" data-widget_type=\"heading.default\">\n\t\t\t\t\t<h2 class=\"elementor-heading-title elementor-size-default\">Tupungato<\/h2>\t\t\t\t<\/div>\n\t\t\t\t<div class=\"elementor-element elementor-element-cf8ff60 elementor-widget elementor-widget-text-editor\" data-id=\"cf8ff60\" data-element_type=\"widget\" data-widget_type=\"text-editor.default\">\n\t\t\t\t\t\t\t\t\t<p>Provincia de Mendoza<\/p>\t\t\t\t\t\t\t\t<\/div>\n\t\t\t\t<div class=\"elementor-element elementor-element-cfd9174 elementor-align-center elementor-widget elementor-widget-button\" data-id=\"cfd9174\" data-element_type=\"widget\" data-widget_type=\"button.default\">\n\t\t\t\t\t\t\t\t\t\t<a class=\"elementor-button elementor-button-link elementor-size-sm\" href=\"http:\/\/tupungato.companiademaria.edu.ar\">\n\t\t\t\t\t\t<span class=\"elementor-button-content-wrapper\">\n\t\t\t\t\t\t\t\t\t<span class=\"elementor-button-text\">Visitar la P\u00e1gina Web<\/span>\n\t\t\t\t\t<\/span>\n\t\t\t\t\t<\/a>\n\t\t\t\t\t\t\t\t<\/div>\n\t\t\t\t<\/div>\n\t\t\t\t\t<\/div>\n\t\t\t\t<\/div>\n\t\t\t\t<\/div>\n\t\t","protected":false},"excerpt":{"rendered":"<p>Somos una comunidad educativa que forma parte de una red Internacional de Centro Escolares Compa\u00f1\u00eda de Mar\u00eda, con presencia en el Cono Sur y en el mundo. Desde sus or\u00edgenes, en 1607 en Burdeos, Francia, la Orden de la Compa\u00f1\u00eda de Mar\u00eda ofrece una educaci\u00f3n basada en valores humanistas y cristianos. En Argentina estamos presentes [&hellip;]<\/p>\n","protected":false},"author":1,"featured_media":0,"parent":0,"menu_order":0,"comment_status":"closed","ping_status":"closed","template":"","meta":{"footnotes":""},"class_list":["post-7","page","type-page","status-publish","hentry"],"_links":{"self":[{"href":"https:\/\/companiademaria.edu.ar\/index.php?rest_route=\/wp\/v2\/pages\/7","targetHints":{"allow":["GET"]}}],"collection":[{"href":"https:\/\/companiademaria.edu.ar\/index.php?rest_route=\/wp\/v2\/pages"}],"about":[{"href":"https:\/\/companiademaria.edu.ar\/index.php?rest_route=\/wp\/v2\/types\/page"}],"author":[{"embeddable":true,"href":"https:\/\/companiademaria.edu.ar\/index.php?rest_route=\/wp\/v2\/users\/1"}],"replies":[{"embeddable":true,"href":"https:\/\/companiademaria.edu.ar\/index.php?rest_route=%2Fwp%2Fv2%2Fcomments&post=7"}],"version-history":[{"count":14,"href":"https:\/\/companiademaria.edu.ar\/index.php?rest_route=\/wp\/v2\/pages\/7\/revisions"}],"predecessor-version":[{"id":42,"href":"https:\/\/companiademaria.edu.ar\/index.php?rest_route=\/wp\/v2\/pages\/7\/revisions\/42"}],"wp:attachment":[{"href":"https:\/\/companiademaria.edu.ar\/index.php?rest_route=%2Fwp%2Fv2%2Fmedia&parent=7"}],"curies":[{"name":"wp","href":"https:\/\/api.w.org\/{rel}","templated":true}]}}